{"id":11375,"date":"2018-05-07T17:35:55","date_gmt":"2018-05-07T17:35:55","guid":{"rendered":"https:\/\/www.vovatours.com\/transportation-booking\/"},"modified":"2018-05-07T17:35:55","modified_gmt":"2018-05-07T17:35:55","slug":"transportation-booking","status":"publish","type":"page","link":"https:\/\/www.vovatours.com\/de\/transportation-booking\/","title":{"rendered":"Transportation Booking"},"content":{"rendered":"<div id=\"book-transportation-service\" class=\"one withsmallpadding ppb_header \" style=\"text-align:center;padding:40px 0 40px 0;\" >\n<div class=\"standard_wrapper\">\n<div class=\"page_content_wrapper\">\n<div class=\"inner\">\n<div style=\"margin:auto;width:100%\">\n<h2 class=\"ppb_title\" style=\"\">Book your Transportation service<\/h2>\n<div class=\"ppb_header_content\">\n<p>Book your transportation service with us now, Please pick the service you need and fill the form below and we will contact you soon<\/p>\n<\/div>\n<\/div>\n<\/div>\n<\/div>\n<\/div>\n<\/div>\n<div  class=\"one withsmallpadding ppb_text\" style=\"text-align:left;padding:40px 0 40px 0;\" >\n<div class=\"standard_wrapper\">\n<div class=\"page_content_wrapper\">\n<div class=\"inner\">\n<div style=\"margin:auto;width:50%\">\n<div role=\"form\" class=\"wpcf7\" id=\"wpcf7-f4452-o1\" lang=\"en-US\" dir=\"ltr\">\n<div class=\"screen-reader-response\"><\/div>\n<form action=\"\/wp-admin\/post.php#wpcf7-f4452-o1\" method=\"post\" class=\"wpcf7-form\" novalidate=\"novalidate\">\n<div style=\"display: none;\">\n<input type=\"hidden\" name=\"_wpcf7\" value=\"4452\" \/><br \/>\n<input type=\"hidden\" name=\"_wpcf7_version\" value=\"5.0.2\" \/><br \/>\n<input type=\"hidden\" name=\"_wpcf7_locale\" value=\"en_US\" \/><br \/>\n<input type=\"hidden\" name=\"_wpcf7_unit_tag\" value=\"wpcf7-f4452-o1\" \/><br \/>\n<input type=\"hidden\" name=\"_wpcf7_container_post\" value=\"0\" \/>\n<\/div>\n<p><label> Full Name<br \/>\n    <span class=\"wpcf7-form-control-wrap your-name\"><input type=\"text\" name=\"your-name\" value=\"\" size=\"40\" class=\"wpcf7-form-control wpcf7-text wpcf7-validates-as-required\" aria-required=\"true\" aria-invalid=\"false\" placeholder=\"John Doe\" \/><\/span> <\/label><\/p>\n<p><label> Email Address<br \/>\n    <span class=\"wpcf7-form-control-wrap your-email\"><input type=\"email\" name=\"your-email\" value=\"\" size=\"40\" class=\"wpcf7-form-control wpcf7-text wpcf7-email wpcf7-validates-as-required wpcf7-validates-as-email\" aria-required=\"true\" aria-invalid=\"false\" placeholder=\"sample@yourcompany.com\" \/><\/span> <\/label><\/p>\n<p><label> Phone Number<br \/>\n<span class=\"wpcf7-form-control-wrap tel-729\"><input type=\"tel\" name=\"tel-729\" value=\"\" size=\"40\" class=\"wpcf7-form-control wpcf7-text wpcf7-tel wpcf7-validates-as-required wpcf7-validates-as-tel\" aria-required=\"true\" aria-invalid=\"false\" placeholder=\"+66-4353434\" \/><\/span> <\/label><\/p>\n<p><label> Interested In<br \/>\n<span class=\"wpcf7-form-control-wrap menu-607\"><select name=\"menu-607\" class=\"wpcf7-form-control wpcf7-select\" id=\"interest-trip\" aria-invalid=\"false\"><option value=\"Airport to hotel 25\u20ac\">Airport to hotel 25\u20ac<\/option><option value=\"Hotel to Airport 25\u20ac\">Hotel to Airport 25\u20ac<\/option><option value=\"Hotel to Soho Square 40\u20ac\">Hotel to Soho Square 40\u20ac<\/option><option value=\"Hotel to Old Market 30\u20ac\">Hotel to Old Market 30\u20ac<\/option><option value=\"SHARM EL SHEIKH AIRPORT(SSH) TO CAIRO INTERNATIONAL AIRPORT 230\u20ac\">SHARM EL SHEIKH AIRPORT(SSH) TO CAIRO INTERNATIONAL AIRPORT 230\u20ac<\/option><option value=\"HOTEL IN SHARM\/ DAHAB CITY\/ HOTEL IN SHARM 150\u20ac\">HOTEL IN SHARM\/ DAHAB CITY\/ HOTEL IN SHARM 150\u20ac<\/option><option value=\"Other\">Other<\/option><\/select><\/span> <\/label><\/p>\n<p><label> Number of Person<br \/>\n<span class=\"wpcf7-form-control-wrap text-237\"><input type=\"text\" name=\"text-237\" value=\"\" size=\"40\" class=\"wpcf7-form-control wpcf7-text\" aria-invalid=\"false\" placeholder=\"3 person\" \/><\/span> <\/label><\/p>\n<p><label> Departure date<br \/>\n<span class=\"wpcf7-form-control-wrap DepartureDate\"><input type=\"date\" name=\"DepartureDate\" value=\"\" class=\"wpcf7-form-control wpcf7-date wpcf7-validates-as-date\" aria-invalid=\"false\" \/><\/span> <\/label><\/p>\n<p><label> Your Message<br \/>\n    <span class=\"wpcf7-form-control-wrap your-message\"><textarea name=\"your-message\" cols=\"40\" rows=\"10\" class=\"wpcf7-form-control wpcf7-textarea\" aria-invalid=\"false\"><\/textarea><\/span> <\/label><\/p>\n<p><input type=\"submit\" value=\"Send Message\" class=\"wpcf7-form-control wpcf7-submit\" \/><\/p>\n<div class=\"wpcf7-response-output wpcf7-display-none\"><\/div>\n<\/form>\n<\/div>\n<\/div>\n<\/div>\n<\/div>\n<\/div>\n<\/div>\n","protected":false},"excerpt":{"rendered":"<p>Book your Transportation service Book your transportation service with us now, Please pick the service you need and fill the form below and we will contact you soon Full Name Email Address Phone Number Interested In Airport to hotel 25\u20acHotel [&hellip;]<\/p>\n","protected":false},"author":1,"featured_media":10801,"parent":0,"menu_order":0,"comment_status":"closed","ping_status":"closed","template":"","meta":{"_monsterinsights_skip_tracking":false,"_monsterinsights_sitenote_active":false,"_monsterinsights_sitenote_note":"","_monsterinsights_sitenote_category":0,"footnotes":""},"class_list":["post-11375","page","type-page","status-publish","has-post-thumbnail","hentry"],"yoast_head":"<!-- This site is optimized with the Yoast SEO plugin v26.4 - https:\/\/yoast.com\/wordpress\/plugins\/seo\/ -->\n<title>Transportation Booking - Sharm el sheikh ausfl\u00fcge<\/title>\n<meta name=\"robots\" content=\"index, follow, max-snippet:-1, max-image-preview:large, max-video-preview:-1\" \/>\n<link rel=\"canonical\" href=\"https:\/\/www.vovatours.com\/de\/transportation-booking\/\" \/>\n<meta property=\"og:locale\" content=\"de_DE\" \/>\n<meta property=\"og:type\" content=\"article\" \/>\n<meta property=\"og:title\" content=\"Transportation Booking - Sharm el sheikh ausfl\u00fcge\" \/>\n<meta property=\"og:description\" content=\"Book your Transportation service Book your transportation service with us now, Please pick the service you need and fill the form below and we will contact you soon Full Name Email Address Phone Number Interested In Airport to hotel 25\u20acHotel [&hellip;]\" \/>\n<meta property=\"og:url\" content=\"https:\/\/www.vovatours.com\/de\/transportation-booking\/\" \/>\n<meta property=\"og:site_name\" content=\"Sharm el sheikh ausfl\u00fcge\" \/>\n<meta property=\"article:publisher\" content=\"https:\/\/www.facebook.com\/vovatours\/\" \/>\n<meta property=\"og:image\" content=\"https:\/\/www.vovatours.com\/wp-content\/uploads\/2018\/05\/heathrow-airport-transfer-page.jpg\" \/>\n\t<meta property=\"og:image:width\" content=\"1900\" \/>\n\t<meta property=\"og:image:height\" content=\"600\" \/>\n\t<meta property=\"og:image:type\" content=\"image\/jpeg\" \/>\n<meta name=\"twitter:card\" content=\"summary_large_image\" \/>\n<meta name=\"twitter:site\" content=\"@VovaSharmTours\" \/>\n<script type=\"application\/ld+json\" class=\"yoast-schema-graph\">{\"@context\":\"https:\/\/schema.org\",\"@graph\":[{\"@type\":\"WebPage\",\"@id\":\"https:\/\/www.vovatours.com\/de\/transportation-booking\/\",\"url\":\"https:\/\/www.vovatours.com\/de\/transportation-booking\/\",\"name\":\"Transportation Booking - Sharm el sheikh ausfl\u00fcge\",\"isPartOf\":{\"@id\":\"https:\/\/www.vovatours.com\/de\/#website\"},\"primaryImageOfPage\":{\"@id\":\"https:\/\/www.vovatours.com\/de\/transportation-booking\/#primaryimage\"},\"image\":{\"@id\":\"https:\/\/www.vovatours.com\/de\/transportation-booking\/#primaryimage\"},\"thumbnailUrl\":\"https:\/\/www.vovatours.com\/wp-content\/uploads\/2018\/05\/heathrow-airport-transfer-page.jpg\",\"datePublished\":\"2018-05-07T17:35:55+00:00\",\"breadcrumb\":{\"@id\":\"https:\/\/www.vovatours.com\/de\/transportation-booking\/#breadcrumb\"},\"inLanguage\":\"de\",\"potentialAction\":[{\"@type\":\"ReadAction\",\"target\":[\"https:\/\/www.vovatours.com\/de\/transportation-booking\/\"]}]},{\"@type\":\"ImageObject\",\"inLanguage\":\"de\",\"@id\":\"https:\/\/www.vovatours.com\/de\/transportation-booking\/#primaryimage\",\"url\":\"https:\/\/www.vovatours.com\/wp-content\/uploads\/2018\/05\/heathrow-airport-transfer-page.jpg\",\"contentUrl\":\"https:\/\/www.vovatours.com\/wp-content\/uploads\/2018\/05\/heathrow-airport-transfer-page.jpg\",\"width\":1900,\"height\":600},{\"@type\":\"BreadcrumbList\",\"@id\":\"https:\/\/www.vovatours.com\/de\/transportation-booking\/#breadcrumb\",\"itemListElement\":[{\"@type\":\"ListItem\",\"position\":1,\"name\":\"Home\",\"item\":\"https:\/\/www.vovatours.com\/de\/\"},{\"@type\":\"ListItem\",\"position\":2,\"name\":\"Transportation Booking\"}]},{\"@type\":\"WebSite\",\"@id\":\"https:\/\/www.vovatours.com\/de\/#website\",\"url\":\"https:\/\/www.vovatours.com\/de\/\",\"name\":\"Sharm el sheikh ausfl\u00fcge\",\"description\":\"Die besten Ausfl\u00fcge von Sharm El Sheikh & Ausfl\u00fcge und Touren in Sharm El Sheikh\",\"publisher\":{\"@id\":\"https:\/\/www.vovatours.com\/de\/#organization\"},\"potentialAction\":[{\"@type\":\"SearchAction\",\"target\":{\"@type\":\"EntryPoint\",\"urlTemplate\":\"https:\/\/www.vovatours.com\/de\/?s={search_term_string}\"},\"query-input\":{\"@type\":\"PropertyValueSpecification\",\"valueRequired\":true,\"valueName\":\"search_term_string\"}}],\"inLanguage\":\"de\"},{\"@type\":\"Organization\",\"@id\":\"https:\/\/www.vovatours.com\/de\/#organization\",\"name\":\"Vova Tours\",\"url\":\"https:\/\/www.vovatours.com\/de\/\",\"logo\":{\"@type\":\"ImageObject\",\"inLanguage\":\"de\",\"@id\":\"https:\/\/www.vovatours.com\/de\/#\/schema\/logo\/image\/\",\"url\":\"https:\/\/www.vovatours.com\/wp-content\/uploads\/2018\/05\/logooo-e1532588748172.png\",\"contentUrl\":\"https:\/\/www.vovatours.com\/wp-content\/uploads\/2018\/05\/logooo-e1532588748172.png\",\"width\":199,\"height\":147,\"caption\":\"Vova Tours\"},\"image\":{\"@id\":\"https:\/\/www.vovatours.com\/de\/#\/schema\/logo\/image\/\"},\"sameAs\":[\"https:\/\/www.facebook.com\/vovatours\/\",\"https:\/\/x.com\/VovaSharmTours\"]}]}<\/script>\n<!-- \/ Yoast SEO plugin. -->","yoast_head_json":{"title":"Transportation Booking - Sharm el sheikh ausfl\u00fcge","robots":{"index":"index","follow":"follow","max-snippet":"max-snippet:-1","max-image-preview":"max-image-preview:large","max-video-preview":"max-video-preview:-1"},"canonical":"https:\/\/www.vovatours.com\/de\/transportation-booking\/","og_locale":"de_DE","og_type":"article","og_title":"Transportation Booking - Sharm el sheikh ausfl\u00fcge","og_description":"Book your Transportation service Book your transportation service with us now, Please pick the service you need and fill the form below and we will contact you soon Full Name Email Address Phone Number Interested In Airport to hotel 25\u20acHotel [&hellip;]","og_url":"https:\/\/www.vovatours.com\/de\/transportation-booking\/","og_site_name":"Sharm el sheikh ausfl\u00fcge","article_publisher":"https:\/\/www.facebook.com\/vovatours\/","og_image":[{"width":1900,"height":600,"url":"https:\/\/www.vovatours.com\/wp-content\/uploads\/2018\/05\/heathrow-airport-transfer-page.jpg","type":"image\/jpeg"}],"twitter_card":"summary_large_image","twitter_site":"@VovaSharmTours","schema":{"@context":"https:\/\/schema.org","@graph":[{"@type":"WebPage","@id":"https:\/\/www.vovatours.com\/de\/transportation-booking\/","url":"https:\/\/www.vovatours.com\/de\/transportation-booking\/","name":"Transportation Booking - Sharm el sheikh ausfl\u00fcge","isPartOf":{"@id":"https:\/\/www.vovatours.com\/de\/#website"},"primaryImageOfPage":{"@id":"https:\/\/www.vovatours.com\/de\/transportation-booking\/#primaryimage"},"image":{"@id":"https:\/\/www.vovatours.com\/de\/transportation-booking\/#primaryimage"},"thumbnailUrl":"https:\/\/www.vovatours.com\/wp-content\/uploads\/2018\/05\/heathrow-airport-transfer-page.jpg","datePublished":"2018-05-07T17:35:55+00:00","breadcrumb":{"@id":"https:\/\/www.vovatours.com\/de\/transportation-booking\/#breadcrumb"},"inLanguage":"de","potentialAction":[{"@type":"ReadAction","target":["https:\/\/www.vovatours.com\/de\/transportation-booking\/"]}]},{"@type":"ImageObject","inLanguage":"de","@id":"https:\/\/www.vovatours.com\/de\/transportation-booking\/#primaryimage","url":"https:\/\/www.vovatours.com\/wp-content\/uploads\/2018\/05\/heathrow-airport-transfer-page.jpg","contentUrl":"https:\/\/www.vovatours.com\/wp-content\/uploads\/2018\/05\/heathrow-airport-transfer-page.jpg","width":1900,"height":600},{"@type":"BreadcrumbList","@id":"https:\/\/www.vovatours.com\/de\/transportation-booking\/#breadcrumb","itemListElement":[{"@type":"ListItem","position":1,"name":"Home","item":"https:\/\/www.vovatours.com\/de\/"},{"@type":"ListItem","position":2,"name":"Transportation Booking"}]},{"@type":"WebSite","@id":"https:\/\/www.vovatours.com\/de\/#website","url":"https:\/\/www.vovatours.com\/de\/","name":"Sharm el sheikh ausfl\u00fcge","description":"Die besten Ausfl\u00fcge von Sharm El Sheikh & Ausfl\u00fcge und Touren in Sharm El Sheikh","publisher":{"@id":"https:\/\/www.vovatours.com\/de\/#organization"},"potentialAction":[{"@type":"SearchAction","target":{"@type":"EntryPoint","urlTemplate":"https:\/\/www.vovatours.com\/de\/?s={search_term_string}"},"query-input":{"@type":"PropertyValueSpecification","valueRequired":true,"valueName":"search_term_string"}}],"inLanguage":"de"},{"@type":"Organization","@id":"https:\/\/www.vovatours.com\/de\/#organization","name":"Vova Tours","url":"https:\/\/www.vovatours.com\/de\/","logo":{"@type":"ImageObject","inLanguage":"de","@id":"https:\/\/www.vovatours.com\/de\/#\/schema\/logo\/image\/","url":"https:\/\/www.vovatours.com\/wp-content\/uploads\/2018\/05\/logooo-e1532588748172.png","contentUrl":"https:\/\/www.vovatours.com\/wp-content\/uploads\/2018\/05\/logooo-e1532588748172.png","width":199,"height":147,"caption":"Vova Tours"},"image":{"@id":"https:\/\/www.vovatours.com\/de\/#\/schema\/logo\/image\/"},"sameAs":["https:\/\/www.facebook.com\/vovatours\/","https:\/\/x.com\/VovaSharmTours"]}]}},"_links":{"self":[{"href":"https:\/\/www.vovatours.com\/de\/wp-json\/wp\/v2\/pages\/11375","targetHints":{"allow":["GET"]}}],"collection":[{"href":"https:\/\/www.vovatours.com\/de\/wp-json\/wp\/v2\/pages"}],"about":[{"href":"https:\/\/www.vovatours.com\/de\/wp-json\/wp\/v2\/types\/page"}],"author":[{"embeddable":true,"href":"https:\/\/www.vovatours.com\/de\/wp-json\/wp\/v2\/users\/1"}],"replies":[{"embeddable":true,"href":"https:\/\/www.vovatours.com\/de\/wp-json\/wp\/v2\/comments?post=11375"}],"version-history":[{"count":0,"href":"https:\/\/www.vovatours.com\/de\/wp-json\/wp\/v2\/pages\/11375\/revisions"}],"wp:featuredmedia":[{"embeddable":true,"href":"https:\/\/www.vovatours.com\/de\/wp-json\/wp\/v2\/media\/10801"}],"wp:attachment":[{"href":"https:\/\/www.vovatours.com\/de\/wp-json\/wp\/v2\/media?parent=11375"}],"curies":[{"name":"wp","href":"https:\/\/api.w.org\/{rel}","templated":true}]}}