{"id":11376,"date":"2018-05-06T15:44:28","date_gmt":"2018-05-06T15:44:28","guid":{"rendered":"https:\/\/www.vovatours.com\/sharm-el-sheikh-airport-transfers-airport-taxi-transfers-sharm-transfers\/"},"modified":"2020-07-01T15:58:35","modified_gmt":"2020-07-01T15:58:35","slug":"sharm-el-sheikh-airport-transfers-airport-taxi-transfers-sharm-transfers","status":"publish","type":"page","link":"https:\/\/www.vovatours.com\/de\/sharm-el-sheikh-airport-transfers-airport-taxi-transfers-sharm-transfers\/","title":{"rendered":"Transport"},"content":{"rendered":"<div  class=\"one withsmallpadding ppb_header \" style=\"text-align:left;padding:30px 0 30px 0;\" >\n<div class=\"standard_wrapper\">\n<div class=\"page_content_wrapper\">\n<div class=\"inner\">\n<div style=\"margin:auto;width:100%\">\n<h2 class=\"ppb_title\" style=\"\">Transportation Services<\/h2>\n<div class=\"ppb_header_content\">\n<p>A company like us that have big name and great history, you can rely on us with your transportation needs, We promise you safe, fun, comfortable ride to your destination.Feel free to book your transportation needs from Airport Sharm el Sheikh to your Hotels, To Dahab City, Nuweiba city, Taba City, Cairo, Alexandria, Best A.C Cars With all permissions from Egyptian Tourism Police.<\/p>\n<\/div>\n<\/div>\n<\/div>\n<\/div>\n<\/div>\n<\/div>\n<div  class=\"one withsmallpadding ppb_header \" style=\"text-align:left;padding:30px 0 30px 0;\" >\n<div class=\"standard_wrapper\">\n<div class=\"page_content_wrapper\">\n<div class=\"inner\">\n<div style=\"margin:auto;width:100%\">\n<h2 class=\"ppb_title\" style=\"\">Transportation Services<\/h2>\n<div class=\"ppb_header_content\">\n<p>A company like us that have big name and great history, you can rely on us with your transportation needs, We promise you safe, fun, comfortable ride to your destination.Feel free to book your transportation needs from Airport Sharm el Sheikh to your Hotels, To Dahab City, Nuweiba city, Taba City, Cairo, Alexandria, Best A.C Cars With all permissions from Egyptian Tourism Police.<\/p>\n<\/div>\n<\/div>\n<\/div>\n<\/div>\n<\/div>\n<\/div>\n","protected":false},"excerpt":{"rendered":"<p>Transportation Services A company like us that have big name and great history, you can rely on us with your transportation needs, We promise you safe, fun, comfortable ride to your destination.Feel free to book your transportation needs from Airport [&hellip;]<\/p>\n","protected":false},"author":1,"featured_media":11377,"parent":0,"menu_order":0,"comment_status":"closed","ping_status":"closed","template":"","meta":{"_monsterinsights_skip_tracking":false,"_monsterinsights_sitenote_active":false,"_monsterinsights_sitenote_note":"","_monsterinsights_sitenote_category":0,"footnotes":""},"class_list":["post-11376","page","type-page","status-publish","has-post-thumbnail","hentry"],"yoast_head":"<!-- This site is optimized with the Yoast SEO plugin v26.4 - https:\/\/yoast.com\/wordpress\/plugins\/seo\/ -->\n<title>Transport - Sharm el sheikh ausfl\u00fcge<\/title>\n<meta name=\"robots\" content=\"index, follow, max-snippet:-1, max-image-preview:large, max-video-preview:-1\" \/>\n<link rel=\"canonical\" href=\"https:\/\/www.vovatours.com\/de\/sharm-el-sheikh-airport-transfers-airport-taxi-transfers-sharm-transfers\/\" \/>\n<meta property=\"og:locale\" content=\"de_DE\" \/>\n<meta property=\"og:type\" content=\"article\" \/>\n<meta property=\"og:title\" content=\"Transport - Sharm el sheikh ausfl\u00fcge\" \/>\n<meta property=\"og:description\" content=\"Transportation Services A company like us that have big name and great history, you can rely on us with your transportation needs, We promise you safe, fun, comfortable ride to your destination.Feel free to book your transportation needs from Airport [&hellip;]\" \/>\n<meta property=\"og:url\" content=\"https:\/\/www.vovatours.com\/de\/sharm-el-sheikh-airport-transfers-airport-taxi-transfers-sharm-transfers\/\" \/>\n<meta property=\"og:site_name\" content=\"Sharm el sheikh ausfl\u00fcge\" \/>\n<meta property=\"article:publisher\" content=\"https:\/\/www.facebook.com\/vovatours\/\" \/>\n<meta property=\"article:modified_time\" content=\"2020-07-01T15:58:35+00:00\" \/>\n<meta property=\"og:image\" content=\"https:\/\/www.vovatours.com\/wp-content\/uploads\/2018\/05\/sharmairport.jpg\" \/>\n\t<meta property=\"og:image:width\" content=\"1000\" \/>\n\t<meta property=\"og:image:height\" content=\"541\" \/>\n\t<meta property=\"og:image:type\" content=\"image\/jpeg\" \/>\n<meta name=\"twitter:card\" content=\"summary_large_image\" \/>\n<meta name=\"twitter:site\" content=\"@VovaSharmTours\" \/>\n<meta name=\"twitter:label1\" content=\"Gesch\u00e4tzte Lesezeit\" \/>\n\t<meta name=\"twitter:data1\" content=\"1\u00a0Minute\" \/>\n<script type=\"application\/ld+json\" class=\"yoast-schema-graph\">{\"@context\":\"https:\/\/schema.org\",\"@graph\":[{\"@type\":\"WebPage\",\"@id\":\"https:\/\/www.vovatours.com\/de\/sharm-el-sheikh-airport-transfers-airport-taxi-transfers-sharm-transfers\/\",\"url\":\"https:\/\/www.vovatours.com\/de\/sharm-el-sheikh-airport-transfers-airport-taxi-transfers-sharm-transfers\/\",\"name\":\"Transport - Sharm el sheikh ausfl\u00fcge\",\"isPartOf\":{\"@id\":\"https:\/\/www.vovatours.com\/de\/#website\"},\"primaryImageOfPage\":{\"@id\":\"https:\/\/www.vovatours.com\/de\/sharm-el-sheikh-airport-transfers-airport-taxi-transfers-sharm-transfers\/#primaryimage\"},\"image\":{\"@id\":\"https:\/\/www.vovatours.com\/de\/sharm-el-sheikh-airport-transfers-airport-taxi-transfers-sharm-transfers\/#primaryimage\"},\"thumbnailUrl\":\"https:\/\/www.vovatours.com\/wp-content\/uploads\/2018\/05\/sharmairport.jpg\",\"datePublished\":\"2018-05-06T15:44:28+00:00\",\"dateModified\":\"2020-07-01T15:58:35+00:00\",\"breadcrumb\":{\"@id\":\"https:\/\/www.vovatours.com\/de\/sharm-el-sheikh-airport-transfers-airport-taxi-transfers-sharm-transfers\/#breadcrumb\"},\"inLanguage\":\"de\",\"potentialAction\":[{\"@type\":\"ReadAction\",\"target\":[\"https:\/\/www.vovatours.com\/de\/sharm-el-sheikh-airport-transfers-airport-taxi-transfers-sharm-transfers\/\"]}]},{\"@type\":\"ImageObject\",\"inLanguage\":\"de\",\"@id\":\"https:\/\/www.vovatours.com\/de\/sharm-el-sheikh-airport-transfers-airport-taxi-transfers-sharm-transfers\/#primaryimage\",\"url\":\"https:\/\/www.vovatours.com\/wp-content\/uploads\/2018\/05\/sharmairport.jpg\",\"contentUrl\":\"https:\/\/www.vovatours.com\/wp-content\/uploads\/2018\/05\/sharmairport.jpg\",\"width\":1000,\"height\":541,\"caption\":\"trasporti sharm el sheikh\"},{\"@type\":\"BreadcrumbList\",\"@id\":\"https:\/\/www.vovatours.com\/de\/sharm-el-sheikh-airport-transfers-airport-taxi-transfers-sharm-transfers\/#breadcrumb\",\"itemListElement\":[{\"@type\":\"ListItem\",\"position\":1,\"name\":\"Home\",\"item\":\"https:\/\/www.vovatours.com\/de\/\"},{\"@type\":\"ListItem\",\"position\":2,\"name\":\"Transport\"}]},{\"@type\":\"WebSite\",\"@id\":\"https:\/\/www.vovatours.com\/de\/#website\",\"url\":\"https:\/\/www.vovatours.com\/de\/\",\"name\":\"Sharm el sheikh ausfl\u00fcge\",\"description\":\"Die besten Ausfl\u00fcge von Sharm El Sheikh & Ausfl\u00fcge und Touren in Sharm El Sheikh\",\"publisher\":{\"@id\":\"https:\/\/www.vovatours.com\/de\/#organization\"},\"potentialAction\":[{\"@type\":\"SearchAction\",\"target\":{\"@type\":\"EntryPoint\",\"urlTemplate\":\"https:\/\/www.vovatours.com\/de\/?s={search_term_string}\"},\"query-input\":{\"@type\":\"PropertyValueSpecification\",\"valueRequired\":true,\"valueName\":\"search_term_string\"}}],\"inLanguage\":\"de\"},{\"@type\":\"Organization\",\"@id\":\"https:\/\/www.vovatours.com\/de\/#organization\",\"name\":\"Vova Tours\",\"url\":\"https:\/\/www.vovatours.com\/de\/\",\"logo\":{\"@type\":\"ImageObject\",\"inLanguage\":\"de\",\"@id\":\"https:\/\/www.vovatours.com\/de\/#\/schema\/logo\/image\/\",\"url\":\"https:\/\/www.vovatours.com\/wp-content\/uploads\/2018\/05\/logooo-e1532588748172.png\",\"contentUrl\":\"https:\/\/www.vovatours.com\/wp-content\/uploads\/2018\/05\/logooo-e1532588748172.png\",\"width\":199,\"height\":147,\"caption\":\"Vova Tours\"},\"image\":{\"@id\":\"https:\/\/www.vovatours.com\/de\/#\/schema\/logo\/image\/\"},\"sameAs\":[\"https:\/\/www.facebook.com\/vovatours\/\",\"https:\/\/x.com\/VovaSharmTours\"]}]}<\/script>\n<!-- \/ Yoast SEO plugin. -->","yoast_head_json":{"title":"Transport - Sharm el sheikh ausfl\u00fcge","robots":{"index":"index","follow":"follow","max-snippet":"max-snippet:-1","max-image-preview":"max-image-preview:large","max-video-preview":"max-video-preview:-1"},"canonical":"https:\/\/www.vovatours.com\/de\/sharm-el-sheikh-airport-transfers-airport-taxi-transfers-sharm-transfers\/","og_locale":"de_DE","og_type":"article","og_title":"Transport - Sharm el sheikh ausfl\u00fcge","og_description":"Transportation Services A company like us that have big name and great history, you can rely on us with your transportation needs, We promise you safe, fun, comfortable ride to your destination.Feel free to book your transportation needs from Airport [&hellip;]","og_url":"https:\/\/www.vovatours.com\/de\/sharm-el-sheikh-airport-transfers-airport-taxi-transfers-sharm-transfers\/","og_site_name":"Sharm el sheikh ausfl\u00fcge","article_publisher":"https:\/\/www.facebook.com\/vovatours\/","article_modified_time":"2020-07-01T15:58:35+00:00","og_image":[{"width":1000,"height":541,"url":"https:\/\/www.vovatours.com\/wp-content\/uploads\/2018\/05\/sharmairport.jpg","type":"image\/jpeg"}],"twitter_card":"summary_large_image","twitter_site":"@VovaSharmTours","twitter_misc":{"Gesch\u00e4tzte Lesezeit":"1\u00a0Minute"},"schema":{"@context":"https:\/\/schema.org","@graph":[{"@type":"WebPage","@id":"https:\/\/www.vovatours.com\/de\/sharm-el-sheikh-airport-transfers-airport-taxi-transfers-sharm-transfers\/","url":"https:\/\/www.vovatours.com\/de\/sharm-el-sheikh-airport-transfers-airport-taxi-transfers-sharm-transfers\/","name":"Transport - Sharm el sheikh ausfl\u00fcge","isPartOf":{"@id":"https:\/\/www.vovatours.com\/de\/#website"},"primaryImageOfPage":{"@id":"https:\/\/www.vovatours.com\/de\/sharm-el-sheikh-airport-transfers-airport-taxi-transfers-sharm-transfers\/#primaryimage"},"image":{"@id":"https:\/\/www.vovatours.com\/de\/sharm-el-sheikh-airport-transfers-airport-taxi-transfers-sharm-transfers\/#primaryimage"},"thumbnailUrl":"https:\/\/www.vovatours.com\/wp-content\/uploads\/2018\/05\/sharmairport.jpg","datePublished":"2018-05-06T15:44:28+00:00","dateModified":"2020-07-01T15:58:35+00:00","breadcrumb":{"@id":"https:\/\/www.vovatours.com\/de\/sharm-el-sheikh-airport-transfers-airport-taxi-transfers-sharm-transfers\/#breadcrumb"},"inLanguage":"de","potentialAction":[{"@type":"ReadAction","target":["https:\/\/www.vovatours.com\/de\/sharm-el-sheikh-airport-transfers-airport-taxi-transfers-sharm-transfers\/"]}]},{"@type":"ImageObject","inLanguage":"de","@id":"https:\/\/www.vovatours.com\/de\/sharm-el-sheikh-airport-transfers-airport-taxi-transfers-sharm-transfers\/#primaryimage","url":"https:\/\/www.vovatours.com\/wp-content\/uploads\/2018\/05\/sharmairport.jpg","contentUrl":"https:\/\/www.vovatours.com\/wp-content\/uploads\/2018\/05\/sharmairport.jpg","width":1000,"height":541,"caption":"trasporti sharm el sheikh"},{"@type":"BreadcrumbList","@id":"https:\/\/www.vovatours.com\/de\/sharm-el-sheikh-airport-transfers-airport-taxi-transfers-sharm-transfers\/#breadcrumb","itemListElement":[{"@type":"ListItem","position":1,"name":"Home","item":"https:\/\/www.vovatours.com\/de\/"},{"@type":"ListItem","position":2,"name":"Transport"}]},{"@type":"WebSite","@id":"https:\/\/www.vovatours.com\/de\/#website","url":"https:\/\/www.vovatours.com\/de\/","name":"Sharm el sheikh ausfl\u00fcge","description":"Die besten Ausfl\u00fcge von Sharm El Sheikh & Ausfl\u00fcge und Touren in Sharm El Sheikh","publisher":{"@id":"https:\/\/www.vovatours.com\/de\/#organization"},"potentialAction":[{"@type":"SearchAction","target":{"@type":"EntryPoint","urlTemplate":"https:\/\/www.vovatours.com\/de\/?s={search_term_string}"},"query-input":{"@type":"PropertyValueSpecification","valueRequired":true,"valueName":"search_term_string"}}],"inLanguage":"de"},{"@type":"Organization","@id":"https:\/\/www.vovatours.com\/de\/#organization","name":"Vova Tours","url":"https:\/\/www.vovatours.com\/de\/","logo":{"@type":"ImageObject","inLanguage":"de","@id":"https:\/\/www.vovatours.com\/de\/#\/schema\/logo\/image\/","url":"https:\/\/www.vovatours.com\/wp-content\/uploads\/2018\/05\/logooo-e1532588748172.png","contentUrl":"https:\/\/www.vovatours.com\/wp-content\/uploads\/2018\/05\/logooo-e1532588748172.png","width":199,"height":147,"caption":"Vova Tours"},"image":{"@id":"https:\/\/www.vovatours.com\/de\/#\/schema\/logo\/image\/"},"sameAs":["https:\/\/www.facebook.com\/vovatours\/","https:\/\/x.com\/VovaSharmTours"]}]}},"_links":{"self":[{"href":"https:\/\/www.vovatours.com\/de\/wp-json\/wp\/v2\/pages\/11376","targetHints":{"allow":["GET"]}}],"collection":[{"href":"https:\/\/www.vovatours.com\/de\/wp-json\/wp\/v2\/pages"}],"about":[{"href":"https:\/\/www.vovatours.com\/de\/wp-json\/wp\/v2\/types\/page"}],"author":[{"embeddable":true,"href":"https:\/\/www.vovatours.com\/de\/wp-json\/wp\/v2\/users\/1"}],"replies":[{"embeddable":true,"href":"https:\/\/www.vovatours.com\/de\/wp-json\/wp\/v2\/comments?post=11376"}],"version-history":[{"count":3,"href":"https:\/\/www.vovatours.com\/de\/wp-json\/wp\/v2\/pages\/11376\/revisions"}],"predecessor-version":[{"id":11389,"href":"https:\/\/www.vovatours.com\/de\/wp-json\/wp\/v2\/pages\/11376\/revisions\/11389"}],"wp:featuredmedia":[{"embeddable":true,"href":"https:\/\/www.vovatours.com\/de\/wp-json\/wp\/v2\/media\/11377"}],"wp:attachment":[{"href":"https:\/\/www.vovatours.com\/de\/wp-json\/wp\/v2\/media?parent=11376"}],"curies":[{"name":"wp","href":"https:\/\/api.w.org\/{rel}","templated":true}]}}