{"id":11378,"date":"2016-12-27T07:46:07","date_gmt":"2016-12-27T07:46:07","guid":{"rendered":"https:\/\/www.vovatours.com\/contact-us\/"},"modified":"2020-07-03T19:20:40","modified_gmt":"2020-07-03T19:20:40","slug":"kontakt","status":"publish","type":"page","link":"https:\/\/www.vovatours.com\/de\/kontakt\/","title":{"rendered":"Kontakt"},"content":{"rendered":"<div  class=\"one withsmallpadding ppb_text\" style=\"text-align:center;padding:0px 0 0px 0;margin-top:20px;\" >\n<div class=\"standard_wrapper\">\n<div class=\"page_content_wrapper\">\n<div class=\"inner\">\n<div style=\"margin:auto;width:80%\">\n<h4 class=\"p1\">F\u00fcr detaillierte Informationen zu Ausfl\u00fcgen oder Touren f\u00fcllen Sie bitte das folgende Formular aus, in dem eine spezielle Anfrage angegeben ist. Unsere Mitarbeiter werden sich gerne so schnell wie m\u00f6glich mit Ihnen in Verbindung setzen.<\/h4>\n<div style=\"margin-top: 30px;\">\n<div class=\"social_wrapper shortcode dark \">\n<ul>\n<li class=\"facebook\"><a target=\"_blank\" title=\"Facebook\" href=\"https:\/\/www.facebook.com\/vovatours\/\" rel=\"noopener noreferrer\"><i class=\"fa fa-facebook\"><\/i><\/a><\/li>\n<li class=\"twitter\"><a target=\"_blank\" title=\"Twitter\" href=\"https:\/\/twitter.com\/VovaSharmTours\" rel=\"noopener noreferrer\"><i class=\"fa fa-twitter\"><\/i><\/a><\/li>\n<li class=\"youtube\"><a target=\"_blank\" title=\"Youtube\" href=\"https:\/\/www.youtube.com\/vovatours\" rel=\"noopener noreferrer\"><i class=\"fa fa-youtube\"><\/i><\/a><\/li>\n<li class=\"instagram\"><a target=\"_blank\" title=\"Instagram\" href=\"https:\/\/instagram.com\/vovasharmtours\" rel=\"noopener noreferrer\"><i class=\"fa fa-instagram\"><\/i><\/a><\/li>\n<li class=\"tripadvisor\"><a target=\"_blank\" title=\"Tripadvisor\" href=\"https:\/\/www.tripadvisor.com\/Attraction_Review-g297555-d3167164-Reviews-Vova_Tours-Sharm_El_Sheikh_South_Sinai_Red_Sea_and_Sinai.html\" rel=\"noopener noreferrer\"><i class=\"fa fa-tripadvisor\"><\/i><\/a><\/li>\n<\/ul>\n<\/div>\n<\/div>\n<\/div>\n<\/div>\n<\/div>\n<\/div>\n<\/div>\n<div  class=\"one withsmallpadding ppb_text\" style=\"text-align:left;padding:0px 0 0px 0;margin-bottom:60px;\" >\n<div class=\"standard_wrapper\">\n<div class=\"page_content_wrapper\">\n<div class=\"inner\">\n<div style=\"margin:auto;width:60%\">\n<div role=\"form\" class=\"wpcf7\" id=\"wpcf7-f5-o1\" lang=\"en-US\" dir=\"ltr\">\n<div class=\"screen-reader-response\" aria-live=\"polite\"><\/div>\n<form action=\"\/wp-admin\/post.php#wpcf7-f5-o1\" method=\"post\" class=\"wpcf7-form\" novalidate=\"novalidate\">\n<div style=\"display: none;\">\n<input type=\"hidden\" name=\"_wpcf7\" value=\"5\" \/><br \/>\n<input type=\"hidden\" name=\"_wpcf7_version\" value=\"5.1.9\" \/><br \/>\n<input type=\"hidden\" name=\"_wpcf7_locale\" value=\"en_US\" \/><br \/>\n<input type=\"hidden\" name=\"_wpcf7_unit_tag\" value=\"wpcf7-f5-o1\" \/><br \/>\n<input type=\"hidden\" name=\"_wpcf7_container_post\" value=\"0\" \/>\n<\/div>\n<p><label> Your Name (required)<br \/>\n    <span class=\"wpcf7-form-control-wrap your-name\"><input type=\"text\" name=\"your-name\" value=\"\" size=\"40\" class=\"wpcf7-form-control wpcf7-text wpcf7-validates-as-required\" aria-required=\"true\" aria-invalid=\"false\" \/><\/span> <\/label><\/p>\n<p><label> Your Email (required)<br \/>\n    <span class=\"wpcf7-form-control-wrap your-email\"><input type=\"email\" name=\"your-email\" value=\"\" size=\"40\" class=\"wpcf7-form-control wpcf7-text wpcf7-email wpcf7-validates-as-required wpcf7-validates-as-email\" aria-required=\"true\" aria-invalid=\"false\" \/><\/span> <\/label><\/p>\n<p><label> Phone Number<br \/>\n<span class=\"wpcf7-form-control-wrap tel-729\"><input type=\"tel\" name=\"tel-729\" value=\"\" size=\"40\" class=\"wpcf7-form-control wpcf7-text wpcf7-tel wpcf7-validates-as-required wpcf7-validates-as-tel\" aria-required=\"true\" aria-invalid=\"false\" placeholder=\"+66-4353434\" \/><\/span> <\/label><\/p>\n<p><label> Subject<br \/>\n    <span class=\"wpcf7-form-control-wrap your-subject\"><input type=\"text\" name=\"your-subject\" value=\"\" size=\"40\" class=\"wpcf7-form-control wpcf7-text\" aria-invalid=\"false\" \/><\/span> <\/label><\/p>\n<p><label> Your Message<br \/>\n    <span class=\"wpcf7-form-control-wrap your-message\"><textarea name=\"your-message\" cols=\"40\" rows=\"10\" class=\"wpcf7-form-control wpcf7-textarea\" aria-invalid=\"false\"><\/textarea><\/span> <\/label><\/p>\n<p><input type=\"submit\" value=\"Send\" class=\"wpcf7-form-control wpcf7-submit\" \/><\/p>\n<div class=\"wpcf7-response-output wpcf7-display-none\" aria-hidden=\"true\"><\/div>\n<\/form>\n<\/div>\n<\/div>\n<\/div>\n<\/div>\n<\/div>\n<\/div>\n<div  class=\"one_half_bg withsmallpadding ppb_text_image withbg parallax \" style=\"font-size:18px;background-image:url(https:\/\/www.vovatours.com\/wp-content\/uploads\/2018\/07\/463ef003-5b7b-47fd-876a-2df1e57c63ed.jpg);background-position: center center;text-align:center;padding:100px 0 100px 0;color:#ffffff !important;\" >\n<div class=\"overlay_background\" style=\"background:#000000;background:rgb(0,0,0,0.4);background:rgba(0,0,0,0.4);\"><\/div>\n<div class=\"page_content_wrapper\">\n<div class=\"inner\">\n<div style=\"margin:auto;width:100%\">\n<h2 style=\"color: #fff;\">Old Market<\/h2>\n<p>Next to 1st Gate<br \/>\n.<\/p>\n<\/div>\n<\/div>\n<\/div>\n<\/div>\n<div  class=\"one_half_bg last withsmallpadding ppb_text_image withbg \" style=\"font-size:18px;background-image:url(https:\/\/www.vovatours.com\/wp-content\/uploads\/2018\/07\/f7370ab9-c86f-4954-9c3c-c67d674da08f.jpg);background-position: center center;text-align:center;padding:100px 0 100px 0;color:#ffffff !important;\" >\n<div class=\"overlay_background\" style=\"background:#000000;background:rgb(0,0,0,0.3);background:rgba(0,0,0,0.3);\"><\/div>\n<div class=\"page_content_wrapper\">\n<div class=\"inner\">\n<div style=\"margin:auto;width:100%\">\n<h2 style=\"color: #fff;\">Nabq<\/h2>\n<p>Nabq bay area<br \/>\nBetween Aurora resort and Coral Sea Water World<\/p>\n<\/div>\n<\/div>\n<\/div>\n<\/div>\n<div  class=\"one withsmallpadding ppb_header \" style=\"text-align:left;padding:40px 0 40px 0;\" >\n<div class=\"standard_wrapper\">\n<div class=\"page_content_wrapper\">\n<div class=\"inner\">\n<div style=\"margin:auto;width:100%\">\n<h2 class=\"ppb_title\" style=\"\">Vorsicht<\/h2>\n<div class=\"ppb_header_content\">\n<p>Wir haben nur eine Filiale im alten Marktgebiet, die etwa 100 m vom Eingang des 1. Tors entfernt ist. Wir befinden uns im zweiten Stock als unser Bild auf der Kontaktseite und sind nicht verantwortlich f\u00fcr andere B\u00fcros oder Agenturen, die dies behaupten sei wir.<br \/>\nAuch der einzige Zweig, den wir in der Nabq Bay haben, ist der auf dem Bild oben &#8230;<\/p>\n<p>Wenn Sie sich nicht sicher sind, wie Sie uns erreichen k\u00f6nnen, rufen Sie uns einfach unter unserer Nummer &#8220;+201000168327&#8221; an. oder in Ihrem Hotel k\u00f6nnen Sie die Rezeption bitten, uns anzurufen, und wir werden einen Agenten zu Ihrem Hotel schicken.<\/p>\n<\/div>\n<\/div>\n<\/div>\n<\/div>\n<\/div>\n<\/div>\n","protected":false},"excerpt":{"rendered":"<p>F\u00fcr detaillierte Informationen zu Ausfl\u00fcgen oder Touren f\u00fcllen Sie bitte das folgende Formular aus, in dem eine spezielle Anfrage angegeben ist. Unsere Mitarbeiter werden sich gerne so schnell wie m\u00f6glich mit Ihnen in Verbindung setzen. Your Name (required) Your Email [&hellip;]<\/p>\n","protected":false},"author":1,"featured_media":10802,"parent":0,"menu_order":0,"comment_status":"closed","ping_status":"closed","template":"","meta":{"_monsterinsights_skip_tracking":false,"_monsterinsights_sitenote_active":false,"_monsterinsights_sitenote_note":"","_monsterinsights_sitenote_category":0,"footnotes":""},"class_list":["post-11378","page","type-page","status-publish","has-post-thumbnail","hentry"],"yoast_head":"<!-- This site is optimized with the Yoast SEO plugin v26.4 - https:\/\/yoast.com\/wordpress\/plugins\/seo\/ -->\n<title>Kontakt - Sharm el sheikh ausfl\u00fcge<\/title>\n<meta name=\"robots\" content=\"index, follow, max-snippet:-1, max-image-preview:large, max-video-preview:-1\" \/>\n<link rel=\"canonical\" href=\"https:\/\/www.vovatours.com\/de\/kontakt\/\" \/>\n<meta property=\"og:locale\" content=\"de_DE\" \/>\n<meta property=\"og:type\" content=\"article\" \/>\n<meta property=\"og:title\" content=\"Kontakt - Sharm el sheikh ausfl\u00fcge\" \/>\n<meta property=\"og:description\" content=\"F\u00fcr detaillierte Informationen zu Ausfl\u00fcgen oder Touren f\u00fcllen Sie bitte das folgende Formular aus, in dem eine spezielle Anfrage angegeben ist. Unsere Mitarbeiter werden sich gerne so schnell wie m\u00f6glich mit Ihnen in Verbindung setzen. Your Name (required) Your Email [&hellip;]\" \/>\n<meta property=\"og:url\" content=\"https:\/\/www.vovatours.com\/de\/kontakt\/\" \/>\n<meta property=\"og:site_name\" content=\"Sharm el sheikh ausfl\u00fcge\" \/>\n<meta property=\"article:publisher\" content=\"https:\/\/www.facebook.com\/vovatours\/\" \/>\n<meta property=\"article:modified_time\" content=\"2020-07-03T19:20:40+00:00\" \/>\n<meta property=\"og:image\" content=\"https:\/\/www.vovatours.com\/wp-content\/uploads\/2018\/05\/logooo-e1532588748172.png\" \/>\n\t<meta property=\"og:image:width\" content=\"199\" \/>\n\t<meta property=\"og:image:height\" content=\"147\" \/>\n\t<meta property=\"og:image:type\" content=\"image\/png\" \/>\n<meta name=\"twitter:card\" content=\"summary_large_image\" \/>\n<meta name=\"twitter:site\" content=\"@VovaSharmTours\" \/>\n<meta name=\"twitter:label1\" content=\"Gesch\u00e4tzte Lesezeit\" \/>\n\t<meta name=\"twitter:data1\" content=\"1\u00a0Minute\" \/>\n<script type=\"application\/ld+json\" class=\"yoast-schema-graph\">{\"@context\":\"https:\/\/schema.org\",\"@graph\":[{\"@type\":\"WebPage\",\"@id\":\"https:\/\/www.vovatours.com\/de\/kontakt\/\",\"url\":\"https:\/\/www.vovatours.com\/de\/kontakt\/\",\"name\":\"Kontakt - Sharm el sheikh ausfl\u00fcge\",\"isPartOf\":{\"@id\":\"https:\/\/www.vovatours.com\/de\/#website\"},\"primaryImageOfPage\":{\"@id\":\"https:\/\/www.vovatours.com\/de\/kontakt\/#primaryimage\"},\"image\":{\"@id\":\"https:\/\/www.vovatours.com\/de\/kontakt\/#primaryimage\"},\"thumbnailUrl\":\"https:\/\/www.vovatours.com\/wp-content\/uploads\/2018\/05\/logooo-e1532588748172.png\",\"datePublished\":\"2016-12-27T07:46:07+00:00\",\"dateModified\":\"2020-07-03T19:20:40+00:00\",\"breadcrumb\":{\"@id\":\"https:\/\/www.vovatours.com\/de\/kontakt\/#breadcrumb\"},\"inLanguage\":\"de\",\"potentialAction\":[{\"@type\":\"ReadAction\",\"target\":[\"https:\/\/www.vovatours.com\/de\/kontakt\/\"]}]},{\"@type\":\"ImageObject\",\"inLanguage\":\"de\",\"@id\":\"https:\/\/www.vovatours.com\/de\/kontakt\/#primaryimage\",\"url\":\"https:\/\/www.vovatours.com\/wp-content\/uploads\/2018\/05\/logooo-e1532588748172.png\",\"contentUrl\":\"https:\/\/www.vovatours.com\/wp-content\/uploads\/2018\/05\/logooo-e1532588748172.png\",\"width\":199,\"height\":147},{\"@type\":\"BreadcrumbList\",\"@id\":\"https:\/\/www.vovatours.com\/de\/kontakt\/#breadcrumb\",\"itemListElement\":[{\"@type\":\"ListItem\",\"position\":1,\"name\":\"Home\",\"item\":\"https:\/\/www.vovatours.com\/de\/\"},{\"@type\":\"ListItem\",\"position\":2,\"name\":\"Kontakt\"}]},{\"@type\":\"WebSite\",\"@id\":\"https:\/\/www.vovatours.com\/de\/#website\",\"url\":\"https:\/\/www.vovatours.com\/de\/\",\"name\":\"Sharm el sheikh ausfl\u00fcge\",\"description\":\"Die besten Ausfl\u00fcge von Sharm El Sheikh & Ausfl\u00fcge und Touren in Sharm El Sheikh\",\"publisher\":{\"@id\":\"https:\/\/www.vovatours.com\/de\/#organization\"},\"potentialAction\":[{\"@type\":\"SearchAction\",\"target\":{\"@type\":\"EntryPoint\",\"urlTemplate\":\"https:\/\/www.vovatours.com\/de\/?s={search_term_string}\"},\"query-input\":{\"@type\":\"PropertyValueSpecification\",\"valueRequired\":true,\"valueName\":\"search_term_string\"}}],\"inLanguage\":\"de\"},{\"@type\":\"Organization\",\"@id\":\"https:\/\/www.vovatours.com\/de\/#organization\",\"name\":\"Vova Tours\",\"url\":\"https:\/\/www.vovatours.com\/de\/\",\"logo\":{\"@type\":\"ImageObject\",\"inLanguage\":\"de\",\"@id\":\"https:\/\/www.vovatours.com\/de\/#\/schema\/logo\/image\/\",\"url\":\"https:\/\/www.vovatours.com\/wp-content\/uploads\/2018\/05\/logooo-e1532588748172.png\",\"contentUrl\":\"https:\/\/www.vovatours.com\/wp-content\/uploads\/2018\/05\/logooo-e1532588748172.png\",\"width\":199,\"height\":147,\"caption\":\"Vova Tours\"},\"image\":{\"@id\":\"https:\/\/www.vovatours.com\/de\/#\/schema\/logo\/image\/\"},\"sameAs\":[\"https:\/\/www.facebook.com\/vovatours\/\",\"https:\/\/x.com\/VovaSharmTours\"]}]}<\/script>\n<!-- \/ Yoast SEO plugin. -->","yoast_head_json":{"title":"Kontakt - Sharm el sheikh ausfl\u00fcge","robots":{"index":"index","follow":"follow","max-snippet":"max-snippet:-1","max-image-preview":"max-image-preview:large","max-video-preview":"max-video-preview:-1"},"canonical":"https:\/\/www.vovatours.com\/de\/kontakt\/","og_locale":"de_DE","og_type":"article","og_title":"Kontakt - Sharm el sheikh ausfl\u00fcge","og_description":"F\u00fcr detaillierte Informationen zu Ausfl\u00fcgen oder Touren f\u00fcllen Sie bitte das folgende Formular aus, in dem eine spezielle Anfrage angegeben ist. Unsere Mitarbeiter werden sich gerne so schnell wie m\u00f6glich mit Ihnen in Verbindung setzen. Your Name (required) Your Email [&hellip;]","og_url":"https:\/\/www.vovatours.com\/de\/kontakt\/","og_site_name":"Sharm el sheikh ausfl\u00fcge","article_publisher":"https:\/\/www.facebook.com\/vovatours\/","article_modified_time":"2020-07-03T19:20:40+00:00","og_image":[{"width":199,"height":147,"url":"https:\/\/www.vovatours.com\/wp-content\/uploads\/2018\/05\/logooo-e1532588748172.png","type":"image\/png"}],"twitter_card":"summary_large_image","twitter_site":"@VovaSharmTours","twitter_misc":{"Gesch\u00e4tzte Lesezeit":"1\u00a0Minute"},"schema":{"@context":"https:\/\/schema.org","@graph":[{"@type":"WebPage","@id":"https:\/\/www.vovatours.com\/de\/kontakt\/","url":"https:\/\/www.vovatours.com\/de\/kontakt\/","name":"Kontakt - Sharm el sheikh ausfl\u00fcge","isPartOf":{"@id":"https:\/\/www.vovatours.com\/de\/#website"},"primaryImageOfPage":{"@id":"https:\/\/www.vovatours.com\/de\/kontakt\/#primaryimage"},"image":{"@id":"https:\/\/www.vovatours.com\/de\/kontakt\/#primaryimage"},"thumbnailUrl":"https:\/\/www.vovatours.com\/wp-content\/uploads\/2018\/05\/logooo-e1532588748172.png","datePublished":"2016-12-27T07:46:07+00:00","dateModified":"2020-07-03T19:20:40+00:00","breadcrumb":{"@id":"https:\/\/www.vovatours.com\/de\/kontakt\/#breadcrumb"},"inLanguage":"de","potentialAction":[{"@type":"ReadAction","target":["https:\/\/www.vovatours.com\/de\/kontakt\/"]}]},{"@type":"ImageObject","inLanguage":"de","@id":"https:\/\/www.vovatours.com\/de\/kontakt\/#primaryimage","url":"https:\/\/www.vovatours.com\/wp-content\/uploads\/2018\/05\/logooo-e1532588748172.png","contentUrl":"https:\/\/www.vovatours.com\/wp-content\/uploads\/2018\/05\/logooo-e1532588748172.png","width":199,"height":147},{"@type":"BreadcrumbList","@id":"https:\/\/www.vovatours.com\/de\/kontakt\/#breadcrumb","itemListElement":[{"@type":"ListItem","position":1,"name":"Home","item":"https:\/\/www.vovatours.com\/de\/"},{"@type":"ListItem","position":2,"name":"Kontakt"}]},{"@type":"WebSite","@id":"https:\/\/www.vovatours.com\/de\/#website","url":"https:\/\/www.vovatours.com\/de\/","name":"Sharm el sheikh ausfl\u00fcge","description":"Die besten Ausfl\u00fcge von Sharm El Sheikh & Ausfl\u00fcge und Touren in Sharm El Sheikh","publisher":{"@id":"https:\/\/www.vovatours.com\/de\/#organization"},"potentialAction":[{"@type":"SearchAction","target":{"@type":"EntryPoint","urlTemplate":"https:\/\/www.vovatours.com\/de\/?s={search_term_string}"},"query-input":{"@type":"PropertyValueSpecification","valueRequired":true,"valueName":"search_term_string"}}],"inLanguage":"de"},{"@type":"Organization","@id":"https:\/\/www.vovatours.com\/de\/#organization","name":"Vova Tours","url":"https:\/\/www.vovatours.com\/de\/","logo":{"@type":"ImageObject","inLanguage":"de","@id":"https:\/\/www.vovatours.com\/de\/#\/schema\/logo\/image\/","url":"https:\/\/www.vovatours.com\/wp-content\/uploads\/2018\/05\/logooo-e1532588748172.png","contentUrl":"https:\/\/www.vovatours.com\/wp-content\/uploads\/2018\/05\/logooo-e1532588748172.png","width":199,"height":147,"caption":"Vova Tours"},"image":{"@id":"https:\/\/www.vovatours.com\/de\/#\/schema\/logo\/image\/"},"sameAs":["https:\/\/www.facebook.com\/vovatours\/","https:\/\/x.com\/VovaSharmTours"]}]}},"_links":{"self":[{"href":"https:\/\/www.vovatours.com\/de\/wp-json\/wp\/v2\/pages\/11378","targetHints":{"allow":["GET"]}}],"collection":[{"href":"https:\/\/www.vovatours.com\/de\/wp-json\/wp\/v2\/pages"}],"about":[{"href":"https:\/\/www.vovatours.com\/de\/wp-json\/wp\/v2\/types\/page"}],"author":[{"embeddable":true,"href":"https:\/\/www.vovatours.com\/de\/wp-json\/wp\/v2\/users\/1"}],"replies":[{"embeddable":true,"href":"https:\/\/www.vovatours.com\/de\/wp-json\/wp\/v2\/comments?post=11378"}],"version-history":[{"count":9,"href":"https:\/\/www.vovatours.com\/de\/wp-json\/wp\/v2\/pages\/11378\/revisions"}],"predecessor-version":[{"id":11410,"href":"https:\/\/www.vovatours.com\/de\/wp-json\/wp\/v2\/pages\/11378\/revisions\/11410"}],"wp:featuredmedia":[{"embeddable":true,"href":"https:\/\/www.vovatours.com\/de\/wp-json\/wp\/v2\/media\/10802"}],"wp:attachment":[{"href":"https:\/\/www.vovatours.com\/de\/wp-json\/wp\/v2\/media?parent=11378"}],"curies":[{"name":"wp","href":"https:\/\/api.w.org\/{rel}","templated":true}]}}