{"id":11380,"date":"2016-12-22T10:07:06","date_gmt":"2016-12-22T10:07:06","guid":{"rendered":"https:\/\/www.vovatours.com\/faqs\/"},"modified":"2016-12-22T10:07:06","modified_gmt":"2016-12-22T10:07:06","slug":"faqs","status":"publish","type":"page","link":"https:\/\/www.vovatours.com\/de\/faqs\/","title":{"rendered":"FAQs"},"content":{"rendered":"<div class=\"pp_accordion has_icon\">\n<h3><a href=\"#\">How do I know if my booking is confirmed?<\/a><\/h3>\n<div>\n<p><span id=\"result_box\" class=\"\" lang=\"en\"><span class=\"\">Get in touch with us by phone or Whatsapp: at the client assistance number +2 01000 168327 (whatsapp: add this number on your phone and look for us on whatsapp), The reservation will be confirmed once we review your booking. Payment is made on the day of your arrival or the day after depends on what time you arrive. Our representative will come to you at the hotel to receive payment in cash and give you the booking vouchers. Please let us know day and time of arrival in Sharm.<\/p>\n<\/div>\n<\/div>\n<p><\/span><\/span><\/p>\n<div class=\"pp_accordion_close has_icon\">\n<h3><a href=\"#\">Are there any differences between the tour programs offered by tour operators and those offered by your agency?<\/a><\/h3>\n<div>\n<p><span id=\"result_box\" class=\"\" lang=\"en\"><span class=\"\">No, there are no differences, the programs are standard; but on request Vova Tours can organize private excursions with program variations that comply with the regulations dictated by the tourist police.<\/p>\n<\/div>\n<\/div>\n<p><\/span><\/span><\/p>\n<div class=\"pp_accordion_close has_icon\">\n<h3><a href=\"#\">Do i need to buy visa to do excursions with Vova Tours?<\/a><\/h3>\n<div>\n<p>No, at the airport of Sharm, at your arrival, you can buy a tourist visa of the cost of 25 dollars that will allow you to make all the excursions offered by us to Cairo, Luxor, Alexandria.but all other excursions Sinai only Visa enough and for free<\/p>\n<\/div>\n<\/div>\n<div class=\"pp_accordion_close has_icon\">\n<h3><a href=\"#\">Do i have to Book my excursions before coming in Sharm El Sheikh ?<\/a><\/h3>\n<div>\n<p>Yes More better to choose carefully your excursions before your arrival in Sharm to reserve your places and don&#8217;t lose time staying in hotel without doing any activities<\/p>\n<\/div>\n<\/div>\n<div class=\"pp_accordion_close has_icon\">\n<h3><a href=\"#\">What are the booking and payment methods for the excursions?<\/a><\/h3>\n<div>\n<p>You don\u2019t have to pay until you are here in Sharm El Sheikh already, we will send you our representative to your hotel to give you the receipts and collect the money before your excursions Cash and if by Credit Card we add 3% Expenses on Total Payment.<br \/>\nor you can pay us a visit in our offices \u201cin Nabq Bay or Old Market\u201d and get your receipts.\n<\/p>\n<\/div>\n<\/div>\n<div class=\"pp_accordion_close has_icon\">\n<h3><a href=\"#\">Do you need a special Clothes for some excursions?<\/a><\/h3>\n<div>\n<p>At the time of booking you will be advised what you must bring with you, for the excursion to Mount Sinai in particular, we recommend that you bring Sport shoes and a jacket or a sweatshirt depending on whether your stay is during the winter or during the summer.<\/p>\n<\/div>\n<\/div>\n<div class=\"pp_accordion_close has_icon\">\n<h3><a href=\"#\">Want something special for my holiday in Sharm el Sheikh? Something romantic? A birthday surprise?<\/a><\/h3>\n<div>\n<p> It&#8217;s our job to make your holiday special and we&#8217;ll do our up most to make your holiday one to remember, in our Website many activity as Romantic Dinner Cruise, Private Boat Trip, City Tour and many&#8230;.<\/p>\n<\/div>\n<\/div>\n<div class=\"pp_accordion_close has_icon\">\n<h3><a href=\"#\">Can we reserve our excursions when we are already in Sharm el Sheikh?<\/a><\/h3>\n<div>\n<p>Yes sure you can reserve what ever you want Only Call or text SMS to +2 01000 168 327 ( SMS, Whats app, Viber ) to arrange all your Excursions<\/p>\n<\/div>\n<\/div>\n<div class=\"pp_accordion_close has_icon\">\n<h3><a href=\"#\">is snorkeling gear included in the price?<\/a><\/h3>\n<div>\n<p>No, it is not included in the price because simply it is for personal use so many clients already have their own snorkeling gear, so we do not include it in the price, but if you don&#8217;t have it you are free to either rent it or not, but we don&#8217;t add it to the price of the trip so that you won&#8217;t be paying for something you may or may not need<\/p>\n<\/div>\n<\/div>\n<div class=\"pp_accordion_close has_icon\">\n<h3><a href=\"#\">I want to visit the pyramids, but is it safe?<\/a><\/h3>\n<div>\n<p>you do not have to worry about safety, the government in Egypt is very strict when it comes to tourists safety, since tourism in Egypt is one of the biggest contributes to the economy, so to answer your question, if any of the trips not safe the government automatically shuts it down for us to get permissions for the trips, so if it is not safe we can&#8217;t even book it for you, if we book it for you it means its totally safe.<\/p>\n<\/div>\n<\/div>\n","protected":false},"excerpt":{"rendered":"","protected":false},"author":1,"featured_media":10796,"parent":0,"menu_order":0,"comment_status":"closed","ping_status":"closed","template":"","meta":{"_monsterinsights_skip_tracking":false,"_monsterinsights_sitenote_active":false,"_monsterinsights_sitenote_note":"","_monsterinsights_sitenote_category":0,"footnotes":""},"class_list":["post-11380","page","type-page","status-publish","has-post-thumbnail","hentry"],"yoast_head":"<!-- This site is optimized with the Yoast SEO plugin v26.4 - https:\/\/yoast.com\/wordpress\/plugins\/seo\/ -->\n<title>FAQs - Sharm el sheikh ausfl\u00fcge<\/title>\n<meta name=\"robots\" content=\"index, follow, max-snippet:-1, max-image-preview:large, max-video-preview:-1\" \/>\n<link rel=\"canonical\" href=\"https:\/\/www.vovatours.com\/de\/faqs\/\" \/>\n<meta property=\"og:locale\" content=\"de_DE\" \/>\n<meta property=\"og:type\" content=\"article\" \/>\n<meta property=\"og:title\" content=\"FAQs - Sharm el sheikh ausfl\u00fcge\" \/>\n<meta property=\"og:url\" content=\"https:\/\/www.vovatours.com\/de\/faqs\/\" \/>\n<meta property=\"og:site_name\" content=\"Sharm el sheikh ausfl\u00fcge\" \/>\n<meta property=\"article:publisher\" content=\"https:\/\/www.facebook.com\/vovatours\/\" \/>\n<meta property=\"og:image\" content=\"https:\/\/www.vovatours.com\/wp-content\/uploads\/2018\/04\/11-1024x683.jpg\" \/>\n\t<meta property=\"og:image:width\" content=\"1024\" \/>\n\t<meta property=\"og:image:height\" content=\"683\" \/>\n\t<meta property=\"og:image:type\" content=\"image\/jpeg\" \/>\n<meta name=\"twitter:card\" content=\"summary_large_image\" \/>\n<meta name=\"twitter:site\" content=\"@VovaSharmTours\" \/>\n<meta name=\"twitter:label1\" content=\"Gesch\u00e4tzte Lesezeit\" \/>\n\t<meta name=\"twitter:data1\" content=\"4\u00a0Minuten\" \/>\n<script type=\"application\/ld+json\" class=\"yoast-schema-graph\">{\"@context\":\"https:\/\/schema.org\",\"@graph\":[{\"@type\":\"WebPage\",\"@id\":\"https:\/\/www.vovatours.com\/de\/faqs\/\",\"url\":\"https:\/\/www.vovatours.com\/de\/faqs\/\",\"name\":\"FAQs - Sharm el sheikh ausfl\u00fcge\",\"isPartOf\":{\"@id\":\"https:\/\/www.vovatours.com\/de\/#website\"},\"primaryImageOfPage\":{\"@id\":\"https:\/\/www.vovatours.com\/de\/faqs\/#primaryimage\"},\"image\":{\"@id\":\"https:\/\/www.vovatours.com\/de\/faqs\/#primaryimage\"},\"thumbnailUrl\":\"https:\/\/www.vovatours.com\/wp-content\/uploads\/2018\/04\/11.jpg\",\"datePublished\":\"2016-12-22T10:07:06+00:00\",\"breadcrumb\":{\"@id\":\"https:\/\/www.vovatours.com\/de\/faqs\/#breadcrumb\"},\"inLanguage\":\"de\",\"potentialAction\":[{\"@type\":\"ReadAction\",\"target\":[\"https:\/\/www.vovatours.com\/de\/faqs\/\"]}]},{\"@type\":\"ImageObject\",\"inLanguage\":\"de\",\"@id\":\"https:\/\/www.vovatours.com\/de\/faqs\/#primaryimage\",\"url\":\"https:\/\/www.vovatours.com\/wp-content\/uploads\/2018\/04\/11.jpg\",\"contentUrl\":\"https:\/\/www.vovatours.com\/wp-content\/uploads\/2018\/04\/11.jpg\",\"width\":4608,\"height\":3072},{\"@type\":\"BreadcrumbList\",\"@id\":\"https:\/\/www.vovatours.com\/de\/faqs\/#breadcrumb\",\"itemListElement\":[{\"@type\":\"ListItem\",\"position\":1,\"name\":\"Home\",\"item\":\"https:\/\/www.vovatours.com\/de\/\"},{\"@type\":\"ListItem\",\"position\":2,\"name\":\"FAQs\"}]},{\"@type\":\"WebSite\",\"@id\":\"https:\/\/www.vovatours.com\/de\/#website\",\"url\":\"https:\/\/www.vovatours.com\/de\/\",\"name\":\"Sharm el sheikh ausfl\u00fcge\",\"description\":\"Die besten Ausfl\u00fcge von Sharm El Sheikh & Ausfl\u00fcge und Touren in Sharm El Sheikh\",\"publisher\":{\"@id\":\"https:\/\/www.vovatours.com\/de\/#organization\"},\"potentialAction\":[{\"@type\":\"SearchAction\",\"target\":{\"@type\":\"EntryPoint\",\"urlTemplate\":\"https:\/\/www.vovatours.com\/de\/?s={search_term_string}\"},\"query-input\":{\"@type\":\"PropertyValueSpecification\",\"valueRequired\":true,\"valueName\":\"search_term_string\"}}],\"inLanguage\":\"de\"},{\"@type\":\"Organization\",\"@id\":\"https:\/\/www.vovatours.com\/de\/#organization\",\"name\":\"Vova Tours\",\"url\":\"https:\/\/www.vovatours.com\/de\/\",\"logo\":{\"@type\":\"ImageObject\",\"inLanguage\":\"de\",\"@id\":\"https:\/\/www.vovatours.com\/de\/#\/schema\/logo\/image\/\",\"url\":\"https:\/\/www.vovatours.com\/wp-content\/uploads\/2018\/05\/logooo-e1532588748172.png\",\"contentUrl\":\"https:\/\/www.vovatours.com\/wp-content\/uploads\/2018\/05\/logooo-e1532588748172.png\",\"width\":199,\"height\":147,\"caption\":\"Vova Tours\"},\"image\":{\"@id\":\"https:\/\/www.vovatours.com\/de\/#\/schema\/logo\/image\/\"},\"sameAs\":[\"https:\/\/www.facebook.com\/vovatours\/\",\"https:\/\/x.com\/VovaSharmTours\"]}]}<\/script>\n<!-- \/ Yoast SEO plugin. -->","yoast_head_json":{"title":"FAQs - Sharm el sheikh ausfl\u00fcge","robots":{"index":"index","follow":"follow","max-snippet":"max-snippet:-1","max-image-preview":"max-image-preview:large","max-video-preview":"max-video-preview:-1"},"canonical":"https:\/\/www.vovatours.com\/de\/faqs\/","og_locale":"de_DE","og_type":"article","og_title":"FAQs - Sharm el sheikh ausfl\u00fcge","og_url":"https:\/\/www.vovatours.com\/de\/faqs\/","og_site_name":"Sharm el sheikh ausfl\u00fcge","article_publisher":"https:\/\/www.facebook.com\/vovatours\/","og_image":[{"width":1024,"height":683,"url":"https:\/\/www.vovatours.com\/wp-content\/uploads\/2018\/04\/11-1024x683.jpg","type":"image\/jpeg"}],"twitter_card":"summary_large_image","twitter_site":"@VovaSharmTours","twitter_misc":{"Gesch\u00e4tzte Lesezeit":"4\u00a0Minuten"},"schema":{"@context":"https:\/\/schema.org","@graph":[{"@type":"WebPage","@id":"https:\/\/www.vovatours.com\/de\/faqs\/","url":"https:\/\/www.vovatours.com\/de\/faqs\/","name":"FAQs - Sharm el sheikh ausfl\u00fcge","isPartOf":{"@id":"https:\/\/www.vovatours.com\/de\/#website"},"primaryImageOfPage":{"@id":"https:\/\/www.vovatours.com\/de\/faqs\/#primaryimage"},"image":{"@id":"https:\/\/www.vovatours.com\/de\/faqs\/#primaryimage"},"thumbnailUrl":"https:\/\/www.vovatours.com\/wp-content\/uploads\/2018\/04\/11.jpg","datePublished":"2016-12-22T10:07:06+00:00","breadcrumb":{"@id":"https:\/\/www.vovatours.com\/de\/faqs\/#breadcrumb"},"inLanguage":"de","potentialAction":[{"@type":"ReadAction","target":["https:\/\/www.vovatours.com\/de\/faqs\/"]}]},{"@type":"ImageObject","inLanguage":"de","@id":"https:\/\/www.vovatours.com\/de\/faqs\/#primaryimage","url":"https:\/\/www.vovatours.com\/wp-content\/uploads\/2018\/04\/11.jpg","contentUrl":"https:\/\/www.vovatours.com\/wp-content\/uploads\/2018\/04\/11.jpg","width":4608,"height":3072},{"@type":"BreadcrumbList","@id":"https:\/\/www.vovatours.com\/de\/faqs\/#breadcrumb","itemListElement":[{"@type":"ListItem","position":1,"name":"Home","item":"https:\/\/www.vovatours.com\/de\/"},{"@type":"ListItem","position":2,"name":"FAQs"}]},{"@type":"WebSite","@id":"https:\/\/www.vovatours.com\/de\/#website","url":"https:\/\/www.vovatours.com\/de\/","name":"Sharm el sheikh ausfl\u00fcge","description":"Die besten Ausfl\u00fcge von Sharm El Sheikh & Ausfl\u00fcge und Touren in Sharm El Sheikh","publisher":{"@id":"https:\/\/www.vovatours.com\/de\/#organization"},"potentialAction":[{"@type":"SearchAction","target":{"@type":"EntryPoint","urlTemplate":"https:\/\/www.vovatours.com\/de\/?s={search_term_string}"},"query-input":{"@type":"PropertyValueSpecification","valueRequired":true,"valueName":"search_term_string"}}],"inLanguage":"de"},{"@type":"Organization","@id":"https:\/\/www.vovatours.com\/de\/#organization","name":"Vova Tours","url":"https:\/\/www.vovatours.com\/de\/","logo":{"@type":"ImageObject","inLanguage":"de","@id":"https:\/\/www.vovatours.com\/de\/#\/schema\/logo\/image\/","url":"https:\/\/www.vovatours.com\/wp-content\/uploads\/2018\/05\/logooo-e1532588748172.png","contentUrl":"https:\/\/www.vovatours.com\/wp-content\/uploads\/2018\/05\/logooo-e1532588748172.png","width":199,"height":147,"caption":"Vova Tours"},"image":{"@id":"https:\/\/www.vovatours.com\/de\/#\/schema\/logo\/image\/"},"sameAs":["https:\/\/www.facebook.com\/vovatours\/","https:\/\/x.com\/VovaSharmTours"]}]}},"_links":{"self":[{"href":"https:\/\/www.vovatours.com\/de\/wp-json\/wp\/v2\/pages\/11380","targetHints":{"allow":["GET"]}}],"collection":[{"href":"https:\/\/www.vovatours.com\/de\/wp-json\/wp\/v2\/pages"}],"about":[{"href":"https:\/\/www.vovatours.com\/de\/wp-json\/wp\/v2\/types\/page"}],"author":[{"embeddable":true,"href":"https:\/\/www.vovatours.com\/de\/wp-json\/wp\/v2\/users\/1"}],"replies":[{"embeddable":true,"href":"https:\/\/www.vovatours.com\/de\/wp-json\/wp\/v2\/comments?post=11380"}],"version-history":[{"count":0,"href":"https:\/\/www.vovatours.com\/de\/wp-json\/wp\/v2\/pages\/11380\/revisions"}],"wp:featuredmedia":[{"embeddable":true,"href":"https:\/\/www.vovatours.com\/de\/wp-json\/wp\/v2\/media\/10796"}],"wp:attachment":[{"href":"https:\/\/www.vovatours.com\/de\/wp-json\/wp\/v2\/media?parent=11380"}],"curies":[{"name":"wp","href":"https:\/\/api.w.org\/{rel}","templated":true}]}}